{"id":908,"date":"2025-10-01T15:51:07","date_gmt":"2025-10-01T13:51:07","guid":{"rendered":"https:\/\/dev.geneve-musique.com\/mentions-legales\/"},"modified":"2026-02-09T11:38:24","modified_gmt":"2026-02-09T10:38:24","slug":"mentions-legales","status":"publish","type":"page","link":"https:\/\/dev.geneve-musique.com\/en\/mentions-legales\/","title":{"rendered":"Legal notice"},"content":{"rendered":"\n<h2 class=\"wp-block-heading\"><em>\u00c9diteur du site<\/em><\/h2>\n\n\n\n<p>Gen\u00e8ve Musique<br>12 TER Rue des Mouettes, 1227 Carouge \/ GE.<br>Tel : +41 (0)22 301 26 31<br><a href=\"http:\/\/www.geneve-musique.com\/contacter-geneve-musique\/\">contact@geneve-musique.com<\/a><\/p>\n\n\n\n<h2 class=\"wp-block-heading\"><em>H\u00e9bergement<\/em><\/h2>\n\n\n\n<p>www.o2hau.com est h\u00e9berg\u00e9 chez OVH SARL<br>140, quai du Sartel 59 100 Roubaix<br>Tel : 0 899 701 761<br>Fax : 03 20 20 09 58<br>support@ovh.com<\/p>\n\n\n\n<h2 class=\"wp-block-heading\"><em>D\u00e9veloppement, conception, r\u00e9alisation<\/em><\/h2>\n\n\n\n<p><a href=\"http:\/\/www.afa-multimedia.com\/\" target=\"_blank\" rel=\"noreferrer noopener\">AFA-Multim\u00e9dia SARL<\/a><\/p>\n\n\n\n<p>Soci\u00e9t\u00e9 \u00e0 responsabilit\u00e9 limit\u00e9e au capital de 7500\u20ac<br>Siret : 491 826 855 00034<br>APE : 7021Z &#8211; APRM : 7420ZR<br>+33(0)4 66 32 37 27<br>Si\u00e8ge social : 2 rue du Coudenas 48100 Bourgs sur Colagne<\/p>\n","protected":false},"excerpt":{"rendered":"<p>\u00c9diteur du site Gen\u00e8ve Musique12 TER Rue des Mouettes, 1227 Carouge \/ GE.Tel : +41 (0)22 301 26 31contact@geneve-musique.com H\u00e9bergement www.o2hau.com est h\u00e9berg\u00e9 chez OVH SARL140, quai du Sartel 59 100 RoubaixTel : 0 899 701 761Fax : 03 20 20 09 58support@ovh.com D\u00e9veloppement, conception, r\u00e9alisation AFA-Multim\u00e9dia SARL Soci\u00e9t\u00e9 \u00e0 responsabilit\u00e9 limit\u00e9e au capital de [&hellip;]<\/p>\n","protected":false},"author":1,"featured_media":1077,"parent":0,"menu_order":99,"comment_status":"closed","ping_status":"closed","template":"","meta":{"_acf_changed":false,"_themeisle_gutenberg_block_has_review":false,"footnotes":""},"class_list":["post-908","page","type-page","status-publish","has-post-thumbnail","hentry"],"acf":[],"yoast_head":"<!-- This site is optimized with the Yoast SEO plugin v26.9 - https:\/\/yoast.com\/product\/yoast-seo-wordpress\/ -->\n<title>Legal notice - Gen\u00e8ve Musique<\/title>\n<meta name=\"robots\" content=\"noindex, follow, max-snippet:-1, max-image-preview:large, max-video-preview:-1\" \/>\n<meta property=\"og:locale\" content=\"en_US\" \/>\n<meta property=\"og:type\" content=\"article\" \/>\n<meta property=\"og:title\" content=\"Legal notice - Gen\u00e8ve Musique\" \/>\n<meta property=\"og:description\" content=\"\u00c9diteur du site Gen\u00e8ve Musique12 TER Rue des Mouettes, 1227 Carouge \/ GE.Tel : +41 (0)22 301 26 31contact@geneve-musique.com H\u00e9bergement www.o2hau.com est h\u00e9berg\u00e9 chez OVH SARL140, quai du Sartel 59 100 RoubaixTel : 0 899 701 761Fax : 03 20 20 09 58support@ovh.com D\u00e9veloppement, conception, r\u00e9alisation AFA-Multim\u00e9dia SARL Soci\u00e9t\u00e9 \u00e0 responsabilit\u00e9 limit\u00e9e au capital de [&hellip;]\" \/>\n<meta property=\"og:url\" content=\"https:\/\/dev.geneve-musique.com\/en\/mentions-legales\/\" \/>\n<meta property=\"og:site_name\" content=\"Gen\u00e8ve Musique\" \/>\n<meta property=\"article:modified_time\" content=\"2026-02-09T10:38:24+00:00\" \/>\n<meta name=\"twitter:card\" content=\"summary_large_image\" \/>\n<meta name=\"twitter:label1\" content=\"Est. reading time\" \/>\n\t<meta name=\"twitter:data1\" content=\"1 minute\" \/>\n<script type=\"application\/ld+json\" class=\"yoast-schema-graph\">{\"@context\":\"https:\/\/schema.org\",\"@graph\":[{\"@type\":\"WebPage\",\"@id\":\"https:\/\/dev.geneve-musique.com\/en\/mentions-legales\/\",\"url\":\"https:\/\/dev.geneve-musique.com\/en\/mentions-legales\/\",\"name\":\"Legal notice - Gen\u00e8ve Musique\",\"isPartOf\":{\"@id\":\"https:\/\/dev.geneve-musique.com\/#website\"},\"primaryImageOfPage\":{\"@id\":\"https:\/\/dev.geneve-musique.com\/en\/mentions-legales\/#primaryimage\"},\"image\":{\"@id\":\"https:\/\/dev.geneve-musique.com\/en\/mentions-legales\/#primaryimage\"},\"thumbnailUrl\":\"https:\/\/dev.geneve-musique.com\/wp-content\/uploads\/2025\/12\/roland_sh101_1986_blue_geneve_musique_1.webp\",\"datePublished\":\"2025-10-01T13:51:07+00:00\",\"dateModified\":\"2026-02-09T10:38:24+00:00\",\"breadcrumb\":{\"@id\":\"https:\/\/dev.geneve-musique.com\/en\/mentions-legales\/#breadcrumb\"},\"inLanguage\":\"en-US\",\"potentialAction\":[{\"@type\":\"ReadAction\",\"target\":[\"https:\/\/dev.geneve-musique.com\/en\/mentions-legales\/\"]}]},{\"@type\":\"ImageObject\",\"inLanguage\":\"en-US\",\"@id\":\"https:\/\/dev.geneve-musique.com\/en\/mentions-legales\/#primaryimage\",\"url\":\"https:\/\/dev.geneve-musique.com\/wp-content\/uploads\/2025\/12\/roland_sh101_1986_blue_geneve_musique_1.webp\",\"contentUrl\":\"https:\/\/dev.geneve-musique.com\/wp-content\/uploads\/2025\/12\/roland_sh101_1986_blue_geneve_musique_1.webp\",\"width\":1024,\"height\":768,\"caption\":\"Roland sh101 1986\"},{\"@type\":\"BreadcrumbList\",\"@id\":\"https:\/\/dev.geneve-musique.com\/en\/mentions-legales\/#breadcrumb\",\"itemListElement\":[{\"@type\":\"ListItem\",\"position\":1,\"name\":\"Home\",\"item\":\"https:\/\/dev.geneve-musique.com\/en\/\"},{\"@type\":\"ListItem\",\"position\":2,\"name\":\"Legal notice\"}]},{\"@type\":\"WebSite\",\"@id\":\"https:\/\/dev.geneve-musique.com\/#website\",\"url\":\"https:\/\/dev.geneve-musique.com\/\",\"name\":\"Gen\u00e8ve Musique\",\"description\":\"The art of restoring sound with absolute precision\",\"publisher\":{\"@id\":\"https:\/\/dev.geneve-musique.com\/#organization\"},\"potentialAction\":[{\"@type\":\"SearchAction\",\"target\":{\"@type\":\"EntryPoint\",\"urlTemplate\":\"https:\/\/dev.geneve-musique.com\/?s={search_term_string}\"},\"query-input\":{\"@type\":\"PropertyValueSpecification\",\"valueRequired\":true,\"valueName\":\"search_term_string\"}}],\"inLanguage\":\"en-US\"},{\"@type\":\"Organization\",\"@id\":\"https:\/\/dev.geneve-musique.com\/#organization\",\"name\":\"Gen\u00e8ve Musique\",\"url\":\"https:\/\/dev.geneve-musique.com\/\",\"logo\":{\"@type\":\"ImageObject\",\"inLanguage\":\"en-US\",\"@id\":\"https:\/\/dev.geneve-musique.com\/#\/schema\/logo\/image\/\",\"url\":\"https:\/\/dev.geneve-musique.com\/wp-content\/uploads\/2025\/10\/LOGO-Geneve-Musique_Line-scaled.png\",\"contentUrl\":\"https:\/\/dev.geneve-musique.com\/wp-content\/uploads\/2025\/10\/LOGO-Geneve-Musique_Line-scaled.png\",\"width\":2560,\"height\":1250,\"caption\":\"Gen\u00e8ve Musique\"},\"image\":{\"@id\":\"https:\/\/dev.geneve-musique.com\/#\/schema\/logo\/image\/\"}}]}<\/script>\n<!-- \/ Yoast SEO plugin. -->","yoast_head_json":{"title":"Legal notice - Gen\u00e8ve Musique","robots":{"index":"noindex","follow":"follow","max-snippet":"max-snippet:-1","max-image-preview":"max-image-preview:large","max-video-preview":"max-video-preview:-1"},"og_locale":"en_US","og_type":"article","og_title":"Legal notice - Gen\u00e8ve Musique","og_description":"\u00c9diteur du site Gen\u00e8ve Musique12 TER Rue des Mouettes, 1227 Carouge \/ GE.Tel : +41 (0)22 301 26 31contact@geneve-musique.com H\u00e9bergement www.o2hau.com est h\u00e9berg\u00e9 chez OVH SARL140, quai du Sartel 59 100 RoubaixTel : 0 899 701 761Fax : 03 20 20 09 58support@ovh.com D\u00e9veloppement, conception, r\u00e9alisation AFA-Multim\u00e9dia SARL Soci\u00e9t\u00e9 \u00e0 responsabilit\u00e9 limit\u00e9e au capital de [&hellip;]","og_url":"https:\/\/dev.geneve-musique.com\/en\/mentions-legales\/","og_site_name":"Gen\u00e8ve Musique","article_modified_time":"2026-02-09T10:38:24+00:00","twitter_card":"summary_large_image","twitter_misc":{"Est. reading time":"1 minute"},"schema":{"@context":"https:\/\/schema.org","@graph":[{"@type":"WebPage","@id":"https:\/\/dev.geneve-musique.com\/en\/mentions-legales\/","url":"https:\/\/dev.geneve-musique.com\/en\/mentions-legales\/","name":"Legal notice - Gen\u00e8ve Musique","isPartOf":{"@id":"https:\/\/dev.geneve-musique.com\/#website"},"primaryImageOfPage":{"@id":"https:\/\/dev.geneve-musique.com\/en\/mentions-legales\/#primaryimage"},"image":{"@id":"https:\/\/dev.geneve-musique.com\/en\/mentions-legales\/#primaryimage"},"thumbnailUrl":"https:\/\/dev.geneve-musique.com\/wp-content\/uploads\/2025\/12\/roland_sh101_1986_blue_geneve_musique_1.webp","datePublished":"2025-10-01T13:51:07+00:00","dateModified":"2026-02-09T10:38:24+00:00","breadcrumb":{"@id":"https:\/\/dev.geneve-musique.com\/en\/mentions-legales\/#breadcrumb"},"inLanguage":"en-US","potentialAction":[{"@type":"ReadAction","target":["https:\/\/dev.geneve-musique.com\/en\/mentions-legales\/"]}]},{"@type":"ImageObject","inLanguage":"en-US","@id":"https:\/\/dev.geneve-musique.com\/en\/mentions-legales\/#primaryimage","url":"https:\/\/dev.geneve-musique.com\/wp-content\/uploads\/2025\/12\/roland_sh101_1986_blue_geneve_musique_1.webp","contentUrl":"https:\/\/dev.geneve-musique.com\/wp-content\/uploads\/2025\/12\/roland_sh101_1986_blue_geneve_musique_1.webp","width":1024,"height":768,"caption":"Roland sh101 1986"},{"@type":"BreadcrumbList","@id":"https:\/\/dev.geneve-musique.com\/en\/mentions-legales\/#breadcrumb","itemListElement":[{"@type":"ListItem","position":1,"name":"Home","item":"https:\/\/dev.geneve-musique.com\/en\/"},{"@type":"ListItem","position":2,"name":"Legal notice"}]},{"@type":"WebSite","@id":"https:\/\/dev.geneve-musique.com\/#website","url":"https:\/\/dev.geneve-musique.com\/","name":"Gen\u00e8ve Musique","description":"The art of restoring sound with absolute precision","publisher":{"@id":"https:\/\/dev.geneve-musique.com\/#organization"},"potentialAction":[{"@type":"SearchAction","target":{"@type":"EntryPoint","urlTemplate":"https:\/\/dev.geneve-musique.com\/?s={search_term_string}"},"query-input":{"@type":"PropertyValueSpecification","valueRequired":true,"valueName":"search_term_string"}}],"inLanguage":"en-US"},{"@type":"Organization","@id":"https:\/\/dev.geneve-musique.com\/#organization","name":"Gen\u00e8ve Musique","url":"https:\/\/dev.geneve-musique.com\/","logo":{"@type":"ImageObject","inLanguage":"en-US","@id":"https:\/\/dev.geneve-musique.com\/#\/schema\/logo\/image\/","url":"https:\/\/dev.geneve-musique.com\/wp-content\/uploads\/2025\/10\/LOGO-Geneve-Musique_Line-scaled.png","contentUrl":"https:\/\/dev.geneve-musique.com\/wp-content\/uploads\/2025\/10\/LOGO-Geneve-Musique_Line-scaled.png","width":2560,"height":1250,"caption":"Gen\u00e8ve Musique"},"image":{"@id":"https:\/\/dev.geneve-musique.com\/#\/schema\/logo\/image\/"}}]}},"_links":{"self":[{"href":"https:\/\/dev.geneve-musique.com\/en\/wp-json\/wp\/v2\/pages\/908","targetHints":{"allow":["GET"]}}],"collection":[{"href":"https:\/\/dev.geneve-musique.com\/en\/wp-json\/wp\/v2\/pages"}],"about":[{"href":"https:\/\/dev.geneve-musique.com\/en\/wp-json\/wp\/v2\/types\/page"}],"author":[{"embeddable":true,"href":"https:\/\/dev.geneve-musique.com\/en\/wp-json\/wp\/v2\/users\/1"}],"replies":[{"embeddable":true,"href":"https:\/\/dev.geneve-musique.com\/en\/wp-json\/wp\/v2\/comments?post=908"}],"version-history":[{"count":3,"href":"https:\/\/dev.geneve-musique.com\/en\/wp-json\/wp\/v2\/pages\/908\/revisions"}],"predecessor-version":[{"id":1038,"href":"https:\/\/dev.geneve-musique.com\/en\/wp-json\/wp\/v2\/pages\/908\/revisions\/1038"}],"wp:featuredmedia":[{"embeddable":true,"href":"https:\/\/dev.geneve-musique.com\/en\/wp-json\/wp\/v2\/media\/1077"}],"wp:attachment":[{"href":"https:\/\/dev.geneve-musique.com\/en\/wp-json\/wp\/v2\/media?parent=908"}],"curies":[{"name":"wp","href":"https:\/\/api.w.org\/{rel}","templated":true}]}}